{"id":1517,"date":"2025-03-11T22:15:24","date_gmt":"2025-03-11T22:15:24","guid":{"rendered":"https:\/\/dev.somersetinternational.com\/?page_id=1517"},"modified":"2025-03-28T01:12:54","modified_gmt":"2025-03-28T01:12:54","slug":"operacoes-de-projetos","status":"publish","type":"page","link":"https:\/\/somersetinternational.com\/pt\/operacoes-de-projetos\/","title":{"rendered":"Projetos e opera\u00e7\u00f5es"},"content":{"rendered":"<div data-elementor-type=\"wp-page\" data-elementor-id=\"1517\" class=\"elementor elementor-1517\" data-elementor-post-type=\"page\">\n\t\t\t\t<div class=\"elementor-element elementor-element-6084008 e-flex e-con-boxed e-con e-parent\" data-id=\"6084008\" data-element_type=\"container\" data-settings=\"{&quot;background_background&quot;:&quot;classic&quot;}\">\n\t\t\t\t\t<div class=\"e-con-inner\">\n\t\t<div class=\"elementor-element elementor-element-fa1a5ea e-con-full e-flex e-con e-child\" data-id=\"fa1a5ea\" data-element_type=\"container\">\n\t\t\t\t<div class=\"elementor-element elementor-element-af2d006 elementor-widget__width-initial elementor-invisible elementor-widget elementor-widget-heading\" data-id=\"af2d006\" data-element_type=\"widget\" data-settings=\"{&quot;_animation&quot;:&quot;fadeInUp&quot;}\" data-widget_type=\"heading.default\">\n\t\t\t\t\t<h1 class=\"elementor-heading-title elementor-size-default\">Projetos e opera\u00e7\u00f5es<\/h1>\t\t\t\t<\/div>\n\t\t\t\t<\/div>\n\t\t\t\t\t<\/div>\n\t\t\t\t<\/div>\n\t\t<div class=\"elementor-element elementor-element-9b43fb4 e-flex e-con-boxed e-con e-parent\" data-id=\"9b43fb4\" data-element_type=\"container\">\n\t\t\t\t\t<div class=\"e-con-inner\">\n\t\t<div class=\"elementor-element elementor-element-adff99e e-con-full e-flex e-con e-child\" data-id=\"adff99e\" data-element_type=\"container\">\n\t\t\t\t<div class=\"elementor-element elementor-element-a4c79d2 elementor-widget__width-initial elementor-invisible elementor-widget elementor-widget-heading\" data-id=\"a4c79d2\" data-element_type=\"widget\" data-settings=\"{&quot;_animation&quot;:&quot;fadeInUp&quot;}\" data-widget_type=\"heading.default\">\n\t\t\t\t\t<h3 class=\"elementor-heading-title elementor-size-default\">Somerset combina conhecimento especializado de classe mundial com tecnologias inovadoras<\/h3>\t\t\t\t<\/div>\n\t\t\t\t<div class=\"elementor-element elementor-element-a4554b5 elementor-widget__width-initial elementor-invisible elementor-widget elementor-widget-text-editor\" data-id=\"a4554b5\" data-element_type=\"widget\" data-settings=\"{&quot;_animation&quot;:&quot;fadeInUp&quot;}\" data-widget_type=\"text-editor.default\">\n\t\t\t\t\t\t\t\t\t<p>N\u00f3s nos esfor\u00e7amos para fornecer recupera\u00e7\u00e3o sustent\u00e1vel de recursos para opera\u00e7\u00f5es de minera\u00e7\u00e3o em todo o mundo por meio de sistemas aprimorados de gerenciamento de rejeitos de minera\u00e7\u00e3o, aumentando o rendimento da planta de processamento e melhorando os resultados ambientais.<br \/><span style=\"color: var( --e-global-color-secondary ); font-style: inherit; font-weight: inherit; text-align: var(--text-align);\"><br \/>Somos l\u00edderes mundialmente reconhecidos em manuseio e processamento de minerais, com d\u00e9cadas de experi\u00eancia nos setores de recursos da Am\u00e9rica do Norte, Austr\u00e1lia e Canad\u00e1. Nossa equipe global tem uma base diversificada de habilidades, incluindo design, implementa\u00e7\u00e3o de projetos, opera\u00e7\u00f5es e otimiza\u00e7\u00e3o de plantas.<\/span><\/p>\t\t\t\t\t\t\t\t<\/div>\n\t\t\t\t<\/div>\n\t\t\t\t\t<\/div>\n\t\t\t\t<\/div>\n\t\t<div class=\"elementor-element elementor-element-80cd253 e-flex e-con-boxed e-con e-parent\" data-id=\"80cd253\" data-element_type=\"container\" data-settings=\"{&quot;background_background&quot;:&quot;classic&quot;}\">\n\t\t\t\t\t<div class=\"e-con-inner\">\n\t\t<div class=\"elementor-element elementor-element-3b5d514 e-con-full e-flex e-con e-child\" data-id=\"3b5d514\" data-element_type=\"container\">\n\t\t\t\t<div class=\"elementor-element elementor-element-22ff272 elementor-widget elementor-widget-igmap\" data-id=\"22ff272\" data-element_type=\"widget\" data-widget_type=\"igmap.default\">\n\t\t\t\t<div class=\"elementor-widget-container\">\n\t\t\t\t\t<div class=\"igmap-elementor-widget\"><div class=\"map_wrapper\" id=\"map_wrapper_1543\">\n<div class=\"map_box\" style=\"max-width:2000px\">\n<div class=\"map_aspect_ratio\" style=\"padding-top:50%\" data-padding-top=\"50%\" data-padding-top-mobile=\"100%\">\n<div class=\"map_container\">\n<div class=\"map_render map_loading\" id=\"map_1543\"><\/div>\n<\/div>\n<\/div>\n<\/div>\n<\/div><\/div>\t\t\t\t<\/div>\n\t\t\t\t<\/div>\n\t\t\t\t<\/div>\n\t\t\t\t\t<\/div>\n\t\t\t\t<\/div>\n\t\t<div class=\"elementor-element elementor-element-dc3c6ae e-flex e-con-boxed e-con e-parent\" data-id=\"dc3c6ae\" data-element_type=\"container\">\n\t\t\t\t\t<div class=\"e-con-inner\">\n\t\t<div class=\"elementor-element elementor-element-31f1f1a e-con-full e-flex e-con e-child\" data-id=\"31f1f1a\" data-element_type=\"container\" data-settings=\"{&quot;background_background&quot;:&quot;classic&quot;}\">\n\t\t<div class=\"elementor-element elementor-element-eb678a0 e-con-full e-flex e-con e-child\" data-id=\"eb678a0\" data-element_type=\"container\">\n\t\t\t\t<div class=\"elementor-element elementor-element-c4abb43 elementor-invisible elementor-widget elementor-widget-image\" data-id=\"c4abb43\" data-element_type=\"widget\" data-settings=\"{&quot;_animation&quot;:&quot;fadeInLeft&quot;}\" data-widget_type=\"image.default\">\n\t\t\t\t\t\t\t\t\t\t\t\t\t\t\t<img fetchpriority=\"high\" decoding=\"async\" width=\"557\" height=\"355\" src=\"https:\/\/somersetinternational.com\/wp-content\/uploads\/2025\/03\/warrior-met-coal-logo.jpg\" class=\"attachment-full size-full wp-image-1526\" alt=\"\" srcset=\"https:\/\/somersetinternational.com\/wp-content\/uploads\/2025\/03\/warrior-met-coal-logo.jpg 557w, https:\/\/somersetinternational.com\/wp-content\/uploads\/2025\/03\/warrior-met-coal-logo-300x191.jpg 300w\" sizes=\"(max-width: 557px) 100vw, 557px\" \/>\t\t\t\t\t\t\t\t\t\t\t\t\t\t\t<\/div>\n\t\t\t\t<\/div>\n\t\t<div class=\"elementor-element elementor-element-fff323a e-con-full e-flex e-con e-child\" data-id=\"fff323a\" data-element_type=\"container\">\n\t\t\t\t<div class=\"elementor-element elementor-element-a590853 animated-slow elementor-invisible elementor-widget elementor-widget-heading\" data-id=\"a590853\" data-element_type=\"widget\" data-settings=\"{&quot;_animation&quot;:&quot;fadeInRight&quot;}\" data-widget_type=\"heading.default\">\n\t\t\t\t\t<h3 class=\"elementor-heading-title elementor-size-default\">Warrior Met Coal - Maximizando a recupera\u00e7\u00e3o de carv\u00e3o ultrafino e o gerenciamento sustent\u00e1vel de rejeitos<\/h3>\t\t\t\t<\/div>\n\t\t\t\t<div class=\"elementor-element elementor-element-d8c1ff0 elementor-invisible elementor-widget elementor-widget-text-editor\" data-id=\"d8c1ff0\" data-element_type=\"widget\" data-settings=\"{&quot;_animation&quot;:&quot;fadeInRight&quot;}\" data-widget_type=\"text-editor.default\">\n\t\t\t\t\t\t\t\t\t<p>A Somerset International est\u00e1 fazendo parceria com a Warrior Met Coal, empresa l\u00edder global em minera\u00e7\u00e3o, para revolucionar o gerenciamento de rejeitos. Por meio de projetos conjuntos inovadores, estamos aumentando a recupera\u00e7\u00e3o de recursos, minimizando os res\u00edduos de rejeitos e avan\u00e7ando nas solu\u00e7\u00f5es de descarte a seco.<br \/><br \/>Nosso foco na recupera\u00e7\u00e3o de produtos n\u00e3o apenas reduz o impacto ambiental, mas tamb\u00e9m aumenta a receita, provando que estrat\u00e9gias inteligentes de ESG (Environmental, Social, and Governance) impulsionam tanto a sustentabilidade quanto a lucratividade.<\/p>\t\t\t\t\t\t\t\t<\/div>\n\t\t\t\t<div class=\"elementor-element elementor-element-7b82c25 elementor-align-left elementor-widget__width-auto elementor-mobile-align-left elementor-invisible elementor-widget elementor-widget-button\" data-id=\"7b82c25\" data-element_type=\"widget\" data-settings=\"{&quot;_animation&quot;:&quot;fadeInRight&quot;}\" data-widget_type=\"button.default\">\n\t\t\t\t\t\t\t\t\t\t<a class=\"elementor-button elementor-button-link elementor-size-sm\" href=\"\/pt\/featured-projects\/\">\n\t\t\t\t\t\t<span class=\"elementor-button-content-wrapper\">\n\t\t\t\t\t\t<span class=\"elementor-button-icon\">\n\t\t\t\t<svg xmlns=\"http:\/\/www.w3.org\/2000\/svg\" width=\"24\" height=\"24\" viewbox=\"0 0 24 24\" fill=\"none\"><path d=\"M21.92 12.38C22.02 12.1365 22.02 11.8635 21.92 11.62C21.8724 11.4973 21.801 11.3851 21.71 11.29L14.71 4.29C14.6168 4.19676 14.5061 4.1228 14.3842 4.07234C14.2624 4.02188 14.1319 3.99591 14 3.99591C13.7337 3.99591 13.4783 4.1017 13.29 4.29C13.1968 4.38324 13.1228 4.49393 13.0723 4.61575C13.0219 4.73758 12.9959 4.86814 12.9959 5C12.9959 5.2663 13.1017 5.5217 13.29 5.71L18.59 11H3C2.73478 11 2.48043 11.1054 2.29289 11.2929C2.10536 11.4804 2 11.7348 2 12C2 12.2652 2.10536 12.5196 2.29289 12.7071C2.48043 12.8946 2.73478 13 3 13H18.59L13.29 18.29C13.1963 18.383 13.1219 18.4936 13.0711 18.6154C13.0203 18.7373 12.9942 18.868 12.9942 19C12.9942 19.132 13.0203 19.2627 13.0711 19.3846C13.1219 19.5064 13.1963 19.617 13.29 19.71C13.383 19.8037 13.4936 19.8781 13.6154 19.9289C13.7373 19.9797 13.868 20.0058 14 20.0058C14.132 20.0058 14.2627 19.9797 14.3846 19.9289C14.5064 19.8781 14.617 19.8037 14.71 19.71L21.71 12.71C21.801 12.6149 21.8724 12.5028 21.92 12.38Z\" fill=\"white\"><\/path><\/svg>\t\t\t<\/span>\n\t\t\t\t\t\t\t\t\t<span class=\"elementor-button-text\">Leia mais<\/span>\n\t\t\t\t\t<\/span>\n\t\t\t\t\t<\/a>\n\t\t\t\t\t\t\t\t<\/div>\n\t\t\t\t<\/div>\n\t\t\t\t<\/div>\n\t\t\t\t<div class=\"elementor-element elementor-element-a086397 elementor-widget-divider--view-line elementor-widget elementor-widget-divider\" data-id=\"a086397\" data-element_type=\"widget\" data-widget_type=\"divider.default\">\n\t\t\t\t\t\t\t<div class=\"elementor-divider\">\n\t\t\t<span class=\"elementor-divider-separator\">\n\t\t\t\t\t\t<\/span>\n\t\t<\/div>\n\t\t\t\t\t\t<\/div>\n\t\t\t\t\t<\/div>\n\t\t\t\t<\/div>\n\t\t<div class=\"elementor-element elementor-element-4e0b2ee e-flex e-con-boxed e-con e-parent\" data-id=\"4e0b2ee\" data-element_type=\"container\" data-settings=\"{&quot;background_background&quot;:&quot;classic&quot;}\">\n\t\t\t\t\t<div class=\"e-con-inner\">\n\t\t<div class=\"elementor-element elementor-element-6b1cdd6 e-con-full e-flex e-con e-child\" data-id=\"6b1cdd6\" data-element_type=\"container\">\n\t\t\t\t<div class=\"elementor-element elementor-element-8541114 elementor-widget__width-initial animated-fast elementor-invisible elementor-widget elementor-widget-heading\" data-id=\"8541114\" data-element_type=\"widget\" data-settings=\"{&quot;_animation&quot;:&quot;fadeInUp&quot;}\" data-widget_type=\"heading.default\">\n\t\t\t\t\t<h2 class=\"elementor-heading-title elementor-size-default\">Servi\u00e7os e solu\u00e7\u00f5es de Somerset<\/h2>\t\t\t\t<\/div>\n\t\t\t\t<div class=\"elementor-element elementor-element-6fda190 elementor-align-left elementor-widget__width-auto elementor-mobile-align-left elementor-invisible elementor-widget elementor-widget-button\" data-id=\"6fda190\" data-element_type=\"widget\" data-settings=\"{&quot;_animation&quot;:&quot;fadeInUp&quot;}\" data-widget_type=\"button.default\">\n\t\t\t\t\t\t\t\t\t\t<a class=\"elementor-button elementor-button-link elementor-size-sm\" href=\"\/pt\/contato\/\">\n\t\t\t\t\t\t<span class=\"elementor-button-content-wrapper\">\n\t\t\t\t\t\t<span class=\"elementor-button-icon\">\n\t\t\t\t<svg xmlns=\"http:\/\/www.w3.org\/2000\/svg\" width=\"24\" height=\"24\" viewbox=\"0 0 24 24\" fill=\"none\"><path d=\"M21.92 12.38C22.02 12.1365 22.02 11.8635 21.92 11.62C21.8724 11.4973 21.801 11.3851 21.71 11.29L14.71 4.29C14.6168 4.19676 14.5061 4.1228 14.3842 4.07234C14.2624 4.02188 14.1319 3.99591 14 3.99591C13.7337 3.99591 13.4783 4.1017 13.29 4.29C13.1968 4.38324 13.1228 4.49393 13.0723 4.61575C13.0219 4.73758 12.9959 4.86814 12.9959 5C12.9959 5.2663 13.1017 5.5217 13.29 5.71L18.59 11H3C2.73478 11 2.48043 11.1054 2.29289 11.2929C2.10536 11.4804 2 11.7348 2 12C2 12.2652 2.10536 12.5196 2.29289 12.7071C2.48043 12.8946 2.73478 13 3 13H18.59L13.29 18.29C13.1963 18.383 13.1219 18.4936 13.0711 18.6154C13.0203 18.7373 12.9942 18.868 12.9942 19C12.9942 19.132 13.0203 19.2627 13.0711 19.3846C13.1219 19.5064 13.1963 19.617 13.29 19.71C13.383 19.8037 13.4936 19.8781 13.6154 19.9289C13.7373 19.9797 13.868 20.0058 14 20.0058C14.132 20.0058 14.2627 19.9797 14.3846 19.9289C14.5064 19.8781 14.617 19.8037 14.71 19.71L21.71 12.71C21.801 12.6149 21.8724 12.5028 21.92 12.38Z\" fill=\"white\"><\/path><\/svg>\t\t\t<\/span>\n\t\t\t\t\t\t\t\t\t<span class=\"elementor-button-text\">Entre em contato conosco<\/span>\n\t\t\t\t\t<\/span>\n\t\t\t\t\t<\/a>\n\t\t\t\t\t\t\t\t<\/div>\n\t\t\t\t<\/div>\n\t\t\t\t\t<\/div>\n\t\t\t\t<\/div>\n\t\t\t\t<\/div>","protected":false},"excerpt":{"rendered":"<p>Projetos e opera\u00e7\u00f5es A Somerset combina experi\u00eancia de classe mundial com tecnologias inovadoras N\u00f3s nos esfor\u00e7amos para fornecer recupera\u00e7\u00e3o sustent\u00e1vel de recursos para opera\u00e7\u00f5es de minera\u00e7\u00e3o [...]<\/p>","protected":false},"author":1,"featured_media":0,"parent":0,"menu_order":0,"comment_status":"closed","ping_status":"closed","template":"","meta":{"_acf_changed":false,"site-sidebar-layout":"no-sidebar","site-content-layout":"","ast-site-content-layout":"full-width-container","site-content-style":"default","site-sidebar-style":"default","ast-global-header-display":"","ast-banner-title-visibility":"","ast-main-header-display":"","ast-hfb-above-header-display":"","ast-hfb-below-header-display":"","ast-hfb-mobile-header-display":"","site-post-title":"disabled","ast-breadcrumbs-content":"","ast-featured-img":"disabled","footer-sml-layout":"","ast-disable-related-posts":"","theme-transparent-header-meta":"","adv-header-id-meta":"","stick-header-meta":"","header-above-stick-meta":"","header-main-stick-meta":"","header-below-stick-meta":"","astra-migrate-meta-layouts":"default","ast-page-background-enabled":"default","ast-page-background-meta":{"desktop":{"background-color":"var(--ast-global-color-5)","background-image":"","background-repeat":"repeat","background-position":"center center","background-size":"auto","background-attachment":"scroll","background-type":"","background-media":"","overlay-type":"","overlay-color":"","overlay-opacity":"","overlay-gradient":""},"tablet":{"background-color":"","background-image":"","background-repeat":"repeat","background-position":"center center","background-size":"auto","background-attachment":"scroll","background-type":"","background-media":"","overlay-type":"","overlay-color":"","overlay-opacity":"","overlay-gradient":""},"mobile":{"background-color":"","background-image":"","background-repeat":"repeat","background-position":"center center","background-size":"auto","background-attachment":"scroll","background-type":"","background-media":"","overlay-type":"","overlay-color":"","overlay-opacity":"","overlay-gradient":""}},"ast-content-background-meta":{"desktop":{"background-color":"var(--ast-global-color-4)","background-image":"","background-repeat":"repeat","background-position":"center center","background-size":"auto","background-attachment":"scroll","background-type":"","background-media":"","overlay-type":"","overlay-color":"","overlay-opacity":"","overlay-gradient":""},"tablet":{"background-color":"var(--ast-global-color-4)","background-image":"","background-repeat":"repeat","background-position":"center center","background-size":"auto","background-attachment":"scroll","background-type":"","background-media":"","overlay-type":"","overlay-color":"","overlay-opacity":"","overlay-gradient":""},"mobile":{"background-color":"var(--ast-global-color-4)","background-image":"","background-repeat":"repeat","background-position":"center center","background-size":"auto","background-attachment":"scroll","background-type":"","background-media":"","overlay-type":"","overlay-color":"","overlay-opacity":"","overlay-gradient":""}},"footnotes":""},"class_list":["post-1517","page","type-page","status-publish","hentry"],"acf":[],"yoast_head":"<!-- This site is optimized with the Yoast SEO plugin v26.6 - https:\/\/yoast.com\/wordpress\/plugins\/seo\/ -->\n<title>Mining Tailings Management &amp; Recovery Operations | Somerset<\/title>\n<meta name=\"description\" content=\"Optimize your mining operations with our cutting-edge tailings management systems. Enhance processing efficiency and minimize environmental impact today.\" \/>\n<meta name=\"robots\" content=\"index, follow, max-snippet:-1, max-image-preview:large, max-video-preview:-1\" \/>\n<link rel=\"canonical\" href=\"https:\/\/somersetinternational.com\/pt\/operacoes-de-projetos\/\" \/>\n<meta property=\"og:locale\" content=\"pt_BR\" \/>\n<meta property=\"og:type\" content=\"article\" \/>\n<meta property=\"og:title\" content=\"Mining Tailings Management &amp; Recovery Operations | Somerset\" \/>\n<meta property=\"og:description\" content=\"Optimize your mining operations with our cutting-edge tailings management systems. Enhance processing efficiency and minimize environmental impact today.\" \/>\n<meta property=\"og:url\" content=\"https:\/\/somersetinternational.com\/pt\/operacoes-de-projetos\/\" \/>\n<meta property=\"og:site_name\" content=\"Somerset International\" \/>\n<meta property=\"article:modified_time\" content=\"2025-03-28T01:12:54+00:00\" \/>\n<meta property=\"og:image\" content=\"https:\/\/www.somersetinternational.com\/wp-content\/uploads\/2025\/03\/warrior-met-coal-logo.jpg\" \/>\n<meta name=\"twitter:card\" content=\"summary_large_image\" \/>\n<meta name=\"twitter:label1\" content=\"Est. reading time\" \/>\n\t<meta name=\"twitter:data1\" content=\"1 minuto\" \/>\n<script type=\"application\/ld+json\" class=\"yoast-schema-graph\">{\"@context\":\"https:\/\/schema.org\",\"@graph\":[{\"@type\":\"WebPage\",\"@id\":\"https:\/\/somersetinternational.com\/projects-operations\/\",\"url\":\"https:\/\/somersetinternational.com\/projects-operations\/\",\"name\":\"Mining Tailings Management & Recovery Operations | Somerset\",\"isPartOf\":{\"@id\":\"https:\/\/somersetinternational.com\/#website\"},\"primaryImageOfPage\":{\"@id\":\"https:\/\/somersetinternational.com\/projects-operations\/#primaryimage\"},\"image\":{\"@id\":\"https:\/\/somersetinternational.com\/projects-operations\/#primaryimage\"},\"thumbnailUrl\":\"https:\/\/www.somersetinternational.com\/wp-content\/uploads\/2025\/03\/warrior-met-coal-logo.jpg\",\"datePublished\":\"2025-03-11T22:15:24+00:00\",\"dateModified\":\"2025-03-28T01:12:54+00:00\",\"description\":\"Optimize your mining operations with our cutting-edge tailings management systems. Enhance processing efficiency and minimize environmental impact today.\",\"breadcrumb\":{\"@id\":\"https:\/\/somersetinternational.com\/projects-operations\/#breadcrumb\"},\"inLanguage\":\"pt-BR\",\"potentialAction\":[{\"@type\":\"ReadAction\",\"target\":[\"https:\/\/somersetinternational.com\/projects-operations\/\"]}]},{\"@type\":\"ImageObject\",\"inLanguage\":\"pt-BR\",\"@id\":\"https:\/\/somersetinternational.com\/projects-operations\/#primaryimage\",\"url\":\"https:\/\/www.somersetinternational.com\/wp-content\/uploads\/2025\/03\/warrior-met-coal-logo.jpg\",\"contentUrl\":\"https:\/\/www.somersetinternational.com\/wp-content\/uploads\/2025\/03\/warrior-met-coal-logo.jpg\"},{\"@type\":\"BreadcrumbList\",\"@id\":\"https:\/\/somersetinternational.com\/projects-operations\/#breadcrumb\",\"itemListElement\":[{\"@type\":\"ListItem\",\"position\":1,\"name\":\"Home\",\"item\":\"https:\/\/somersetinternational.com\/\"},{\"@type\":\"ListItem\",\"position\":2,\"name\":\"Projects &#038; Operations\"}]},{\"@type\":\"WebSite\",\"@id\":\"https:\/\/somersetinternational.com\/#website\",\"url\":\"https:\/\/somersetinternational.com\/\",\"name\":\"Somerset International\",\"description\":\"\",\"publisher\":{\"@id\":\"https:\/\/somersetinternational.com\/#organization\"},\"potentialAction\":[{\"@type\":\"SearchAction\",\"target\":{\"@type\":\"EntryPoint\",\"urlTemplate\":\"https:\/\/somersetinternational.com\/?s={search_term_string}\"},\"query-input\":{\"@type\":\"PropertyValueSpecification\",\"valueRequired\":true,\"valueName\":\"search_term_string\"}}],\"inLanguage\":\"pt-BR\"},{\"@type\":\"Organization\",\"@id\":\"https:\/\/somersetinternational.com\/#organization\",\"name\":\"Somerset International\",\"url\":\"https:\/\/somersetinternational.com\/\",\"logo\":{\"@type\":\"ImageObject\",\"inLanguage\":\"pt-BR\",\"@id\":\"https:\/\/somersetinternational.com\/#\/schema\/logo\/image\/\",\"url\":\"https:\/\/somersetinternational.com\/wp-content\/uploads\/2025\/03\/summersetint-logo.svg\",\"contentUrl\":\"https:\/\/somersetinternational.com\/wp-content\/uploads\/2025\/03\/summersetint-logo.svg\",\"width\":200,\"height\":58,\"caption\":\"Somerset International\"},\"image\":{\"@id\":\"https:\/\/somersetinternational.com\/#\/schema\/logo\/image\/\"}}]}<\/script>\n<!-- \/ Yoast SEO plugin. -->","yoast_head_json":{"title":"Opera\u00e7\u00f5es de gerenciamento e recupera\u00e7\u00e3o de rejeitos de minera\u00e7\u00e3o | Somerset","description":"Otimize suas opera\u00e7\u00f5es de minera\u00e7\u00e3o com nossos sistemas de gerenciamento de rejeitos de \u00faltima gera\u00e7\u00e3o. Aumente a efici\u00eancia do processamento e minimize o impacto ambiental hoje mesmo.","robots":{"index":"index","follow":"follow","max-snippet":"max-snippet:-1","max-image-preview":"max-image-preview:large","max-video-preview":"max-video-preview:-1"},"canonical":"https:\/\/somersetinternational.com\/pt\/operacoes-de-projetos\/","og_locale":"pt_BR","og_type":"article","og_title":"Mining Tailings Management & Recovery Operations | Somerset","og_description":"Optimize your mining operations with our cutting-edge tailings management systems. Enhance processing efficiency and minimize environmental impact today.","og_url":"https:\/\/somersetinternational.com\/pt\/operacoes-de-projetos\/","og_site_name":"Somerset International","article_modified_time":"2025-03-28T01:12:54+00:00","og_image":[{"url":"https:\/\/www.somersetinternational.com\/wp-content\/uploads\/2025\/03\/warrior-met-coal-logo.jpg","type":"","width":"","height":""}],"twitter_card":"summary_large_image","twitter_misc":{"Est. reading time":"1 minuto"},"schema":{"@context":"https:\/\/schema.org","@graph":[{"@type":"WebPage","@id":"https:\/\/somersetinternational.com\/projects-operations\/","url":"https:\/\/somersetinternational.com\/projects-operations\/","name":"Opera\u00e7\u00f5es de gerenciamento e recupera\u00e7\u00e3o de rejeitos de minera\u00e7\u00e3o | Somerset","isPartOf":{"@id":"https:\/\/somersetinternational.com\/#website"},"primaryImageOfPage":{"@id":"https:\/\/somersetinternational.com\/projects-operations\/#primaryimage"},"image":{"@id":"https:\/\/somersetinternational.com\/projects-operations\/#primaryimage"},"thumbnailUrl":"https:\/\/www.somersetinternational.com\/wp-content\/uploads\/2025\/03\/warrior-met-coal-logo.jpg","datePublished":"2025-03-11T22:15:24+00:00","dateModified":"2025-03-28T01:12:54+00:00","description":"Otimize suas opera\u00e7\u00f5es de minera\u00e7\u00e3o com nossos sistemas de gerenciamento de rejeitos de \u00faltima gera\u00e7\u00e3o. Aumente a efici\u00eancia do processamento e minimize o impacto ambiental hoje mesmo.","breadcrumb":{"@id":"https:\/\/somersetinternational.com\/projects-operations\/#breadcrumb"},"inLanguage":"pt-BR","potentialAction":[{"@type":"ReadAction","target":["https:\/\/somersetinternational.com\/projects-operations\/"]}]},{"@type":"ImageObject","inLanguage":"pt-BR","@id":"https:\/\/somersetinternational.com\/projects-operations\/#primaryimage","url":"https:\/\/www.somersetinternational.com\/wp-content\/uploads\/2025\/03\/warrior-met-coal-logo.jpg","contentUrl":"https:\/\/www.somersetinternational.com\/wp-content\/uploads\/2025\/03\/warrior-met-coal-logo.jpg"},{"@type":"BreadcrumbList","@id":"https:\/\/somersetinternational.com\/projects-operations\/#breadcrumb","itemListElement":[{"@type":"ListItem","position":1,"name":"Home","item":"https:\/\/somersetinternational.com\/"},{"@type":"ListItem","position":2,"name":"Projects &#038; Operations"}]},{"@type":"WebSite","@id":"https:\/\/somersetinternational.com\/#website","url":"https:\/\/somersetinternational.com\/","name":"Somerset International","description":"","publisher":{"@id":"https:\/\/somersetinternational.com\/#organization"},"potentialAction":[{"@type":"SearchAction","target":{"@type":"EntryPoint","urlTemplate":"https:\/\/somersetinternational.com\/?s={search_term_string}"},"query-input":{"@type":"PropertyValueSpecification","valueRequired":true,"valueName":"search_term_string"}}],"inLanguage":"pt-BR"},{"@type":"Organization","@id":"https:\/\/somersetinternational.com\/#organization","name":"Somerset International","url":"https:\/\/somersetinternational.com\/","logo":{"@type":"ImageObject","inLanguage":"pt-BR","@id":"https:\/\/somersetinternational.com\/#\/schema\/logo\/image\/","url":"https:\/\/somersetinternational.com\/wp-content\/uploads\/2025\/03\/summersetint-logo.svg","contentUrl":"https:\/\/somersetinternational.com\/wp-content\/uploads\/2025\/03\/summersetint-logo.svg","width":200,"height":58,"caption":"Somerset International"},"image":{"@id":"https:\/\/somersetinternational.com\/#\/schema\/logo\/image\/"}}]}},"featured_image_src":null,"featured_image_src_square":null,"_links":{"self":[{"href":"https:\/\/somersetinternational.com\/pt\/wp-json\/wp\/v2\/pages\/1517","targetHints":{"allow":["GET"]}}],"collection":[{"href":"https:\/\/somersetinternational.com\/pt\/wp-json\/wp\/v2\/pages"}],"about":[{"href":"https:\/\/somersetinternational.com\/pt\/wp-json\/wp\/v2\/types\/page"}],"author":[{"embeddable":true,"href":"https:\/\/somersetinternational.com\/pt\/wp-json\/wp\/v2\/users\/1"}],"replies":[{"embeddable":true,"href":"https:\/\/somersetinternational.com\/pt\/wp-json\/wp\/v2\/comments?post=1517"}],"version-history":[{"count":0,"href":"https:\/\/somersetinternational.com\/pt\/wp-json\/wp\/v2\/pages\/1517\/revisions"}],"wp:attachment":[{"href":"https:\/\/somersetinternational.com\/pt\/wp-json\/wp\/v2\/media?parent=1517"}],"curies":[{"name":"wp","href":"https:\/\/api.w.org\/{rel}","templated":true}]}}